{"id":7683,"date":"2025-10-23T12:37:37","date_gmt":"2025-10-23T10:37:37","guid":{"rendered":"https:\/\/www.imancorp.es\/?page_id=7683"},"modified":"2026-01-21T12:02:10","modified_gmt":"2026-01-21T11:02:10","slug":"informes","status":"publish","type":"page","link":"https:\/\/www.imancorp.es\/ca\/informes\/","title":{"rendered":"Informes"},"content":{"rendered":"<div data-elementor-type=\"wp-page\" data-elementor-id=\"7683\" class=\"elementor elementor-7683\" data-elementor-post-type=\"page\">\n\t\t\t\t\t\t<section class=\"elementor-section elementor-top-section elementor-element elementor-element-b2656a2 elementor-section-boxed elementor-section-height-default elementor-section-height-default\" data-id=\"b2656a2\" data-element_type=\"section\" data-e-type=\"section\">\n\t\t\t\t\t\t<div class=\"elementor-container elementor-column-gap-default\">\n\t\t\t\t\t<div class=\"elementor-column elementor-col-100 elementor-top-column elementor-element elementor-element-4b14d10\" data-id=\"4b14d10\" data-element_type=\"column\" data-e-type=\"column\">\n\t\t\t<div class=\"elementor-widget-wrap elementor-element-populated\">\n\t\t\t\t\t\t<div class=\"elementor-element elementor-element-6815b3a elementor-widget elementor-widget-spacer\" data-id=\"6815b3a\" data-element_type=\"widget\" data-e-type=\"widget\" data-widget_type=\"spacer.default\">\n\t\t\t\t<div class=\"elementor-widget-container\">\n\t\t\t\t\t\t\t<div class=\"elementor-spacer\">\n\t\t\t<div class=\"elementor-spacer-inner\"><\/div>\n\t\t<\/div>\n\t\t\t\t\t\t<\/div>\n\t\t\t\t<\/div>\n\t\t\t\t\t<\/div>\n\t\t<\/div>\n\t\t\t\t\t<\/div>\n\t\t<\/section>\n\t\t\t\t<section class=\"elementor-section elementor-top-section elementor-element elementor-element-2a02af13 elementor-section-boxed elementor-section-height-default elementor-section-height-default\" data-id=\"2a02af13\" data-element_type=\"section\" data-e-type=\"section\">\n\t\t\t\t\t\t<div class=\"elementor-container elementor-column-gap-default\">\n\t\t\t\t\t<div class=\"elementor-column elementor-col-100 elementor-top-column elementor-element elementor-element-7f30595\" data-id=\"7f30595\" data-element_type=\"column\" data-e-type=\"column\">\n\t\t\t<div class=\"elementor-widget-wrap elementor-element-populated\">\n\t\t\t\t\t\t<div class=\"elementor-element elementor-element-cf2a38b elementor-widget elementor-widget-jeena-advanced-heading\" data-id=\"cf2a38b\" data-element_type=\"widget\" data-e-type=\"widget\" data-widget_type=\"jeena-advanced-heading.default\">\n\t\t\t\t<div class=\"elementor-widget-container\">\n\t\t\t\t\t        <div class=\"jeena-advanced-heading\">\r\n                        <h1 class=\"main-heading\"><span class=\"main-text\">Informes<\/span><\/h1>        <\/div>\r\n        \t\t\t\t<\/div>\n\t\t\t\t<\/div>\n\t\t\t\t\t<\/div>\n\t\t<\/div>\n\t\t\t\t\t<\/div>\n\t\t<\/section>\n\t\t\t\t<section class=\"elementor-section elementor-top-section elementor-element elementor-element-f5e5334 elementor-section-boxed elementor-section-height-default elementor-section-height-default\" data-id=\"f5e5334\" data-element_type=\"section\" data-e-type=\"section\">\n\t\t\t\t\t\t<div class=\"elementor-container elementor-column-gap-default\">\n\t\t\t\t\t<div class=\"elementor-column elementor-col-100 elementor-top-column elementor-element elementor-element-cd0081e\" data-id=\"cd0081e\" data-element_type=\"column\" data-e-type=\"column\">\n\t\t\t<div class=\"elementor-widget-wrap elementor-element-populated\">\n\t\t\t\t\t\t<div class=\"elementor-element elementor-element-01067f8 elementor-widget elementor-widget-text-editor\" data-id=\"01067f8\" data-element_type=\"widget\" data-e-type=\"widget\" data-widget_type=\"text-editor.default\">\n\t\t\t\t<div class=\"elementor-widget-container\">\n\t\t\t\t\t\t\t\t\t<p>El futuro no se espera, se\u00a0<strong>construye<\/strong>. Sum\u00e9rgete en nuestros informes y transforma la incertidumbre en tu mayor\u00a0<strong>ventaja competitiva<\/strong>. Aqu\u00ed encontrar\u00e1s las claves para\u00a0anticiparte al cambio,\u00a0tomar decisiones que realmente impulsan el crecimiento y liderar tu sector.\u00a0<strong>Insp\u00edrate, planifica y domina el ma\u00f1ana.\u200b<\/strong><\/p>\t\t\t\t\t\t\t\t<\/div>\n\t\t\t\t<\/div>\n\t\t\t\t\t<\/div>\n\t\t<\/div>\n\t\t\t\t\t<\/div>\n\t\t<\/section>\n\t\t\t\t<section class=\"elementor-section elementor-top-section elementor-element elementor-element-e1f3a44 elementor-section-boxed elementor-section-height-default elementor-section-height-default\" data-id=\"e1f3a44\" data-element_type=\"section\" data-e-type=\"section\">\n\t\t\t\t\t\t<div class=\"elementor-container elementor-column-gap-default\">\n\t\t\t\t\t<div class=\"elementor-column elementor-col-100 elementor-top-column elementor-element elementor-element-6482ea9\" data-id=\"6482ea9\" data-element_type=\"column\" data-e-type=\"column\">\n\t\t\t<div class=\"elementor-widget-wrap elementor-element-populated\">\n\t\t\t\t\t\t<div class=\"elementor-element elementor-element-133b56d elementor-widget elementor-widget-jeena-accordion\" data-id=\"133b56d\" data-element_type=\"widget\" data-e-type=\"widget\" data-widget_type=\"jeena-accordion.default\">\n\t\t\t\t<div class=\"elementor-widget-container\">\n\t\t\t\t\t        <div id=\"accordion-431306\" class=\"jeena-accordion\">\r\n                            <div class=\"accordion-item active-accordion\">\r\n                    <div class=\"accordion-header active\" data-target=\"#accordion-content-4313060\">\r\n                        <span class=\"text\">\r\n                            Informes                        <\/span>\r\n                        <span class=\"icons\">\r\n                            <span class=\"icon-open\">\r\n                                <i aria-hidden=\"true\" class=\"fas fa-angle-right\"><\/i>                            <\/span>\r\n                            <span class=\"icon-close\">\r\n                                <i aria-hidden=\"true\" class=\"fas fa-angle-down\"><\/i>                            <\/span>\r\n                        <\/span>\r\n                    <\/div>\r\n                    <div class=\"accordion-content\" id=\"accordion-content-4313060\" style=\"display:block;\">\r\n                        <div class=\"content-inner\">\r\n                            <style>.elementor-7659 .elementor-element.elementor-element-d3b738a .elementor-container{justify-content:flex-start;}.elementor-7659 .elementor-element.elementor-element-98b8b18 .elementor-container{justify-content:flex-start;}.elementor-7659 .elementor-element.elementor-element-6708ea7 .elementor-icon-list-icon i{transition:color 0.3s;}.elementor-7659 .elementor-element.elementor-element-6708ea7 .elementor-icon-list-icon svg{transition:fill 0.3s;}.elementor-7659 .elementor-element.elementor-element-6708ea7{--e-icon-list-icon-size:27px;--icon-vertical-offset:0px;}.elementor-7659 .elementor-element.elementor-element-6708ea7 .elementor-icon-list-item > .elementor-icon-list-text, .elementor-7659 .elementor-element.elementor-element-6708ea7 .elementor-icon-list-item > a{font-size:18px;}.elementor-7659 .elementor-element.elementor-element-6708ea7 .elementor-icon-list-text{transition:color 0.3s;}<\/style>\t\t<div data-elementor-type=\"section\" data-elementor-id=\"7659\" class=\"elementor elementor-7659\" data-elementor-post-type=\"elementor_library\">\n\t\t\t\t\t<section class=\"elementor-section elementor-top-section elementor-element elementor-element-d3b738a elementor-section-boxed elementor-section-height-default elementor-section-height-default\" data-id=\"d3b738a\" data-element_type=\"section\" data-e-type=\"section\">\n\t\t\t\t\t\t<div class=\"elementor-container elementor-column-gap-default\">\n\t\t\t\t\t<div class=\"elementor-column elementor-col-100 elementor-top-column elementor-element elementor-element-48b9dce\" data-id=\"48b9dce\" data-element_type=\"column\" data-e-type=\"column\">\n\t\t\t<div class=\"elementor-widget-wrap\">\n\t\t\t\t\t\t\t<\/div>\n\t\t<\/div>\n\t\t\t\t\t<\/div>\n\t\t<\/section>\n\t\t\t\t<section class=\"elementor-section elementor-top-section elementor-element elementor-element-98b8b18 elementor-section-boxed elementor-section-height-default elementor-section-height-default\" data-id=\"98b8b18\" data-element_type=\"section\" data-e-type=\"section\">\n\t\t\t\t\t\t<div class=\"elementor-container elementor-column-gap-default\">\n\t\t\t\t\t<div class=\"elementor-column elementor-col-100 elementor-top-column elementor-element elementor-element-fbfd5ad\" data-id=\"fbfd5ad\" data-element_type=\"column\" data-e-type=\"column\">\n\t\t\t<div class=\"elementor-widget-wrap elementor-element-populated\">\n\t\t\t\t\t\t<div class=\"elementor-element elementor-element-6708ea7 elementor-icon-list--layout-traditional elementor-list-item-link-full_width elementor-widget elementor-widget-icon-list\" data-id=\"6708ea7\" data-element_type=\"widget\" data-e-type=\"widget\" data-widget_type=\"icon-list.default\">\n\t\t\t\t<div class=\"elementor-widget-container\">\n\t\t\t\t\t\t\t<ul class=\"elementor-icon-list-items\">\n\t\t\t\t\t\t\t<li class=\"elementor-icon-list-item\">\n\t\t\t\t\t\t\t\t\t\t\t<a href=\"https:\/\/www.imancorp.es\/wp-content\/uploads\/2026\/01\/Jubilaciones-y-Transformacion-del-Sector-1.pdf\" target=\"_blank\">\n\n\t\t\t\t\t\t\t\t\t\t\t\t<span class=\"elementor-icon-list-icon\">\n\t\t\t\t\t\t\t<i aria-hidden=\"true\" class=\"far fa-file-pdf\"><\/i>\t\t\t\t\t\t<\/span>\n\t\t\t\t\t\t\t\t\t\t<span class=\"elementor-icon-list-text\">202601 - Jubilaciones y Transformaci\u00f3n del Sector<\/span>\n\t\t\t\t\t\t\t\t\t\t\t<\/a>\n\t\t\t\t\t\t\t\t\t<\/li>\n\t\t\t\t\t\t\t\t<li class=\"elementor-icon-list-item\">\n\t\t\t\t\t\t\t\t\t\t\t<a href=\"https:\/\/www.imancorp.es\/wp-content\/uploads\/2025\/11\/IMAN-Seguridad-Navidad.pdf\" target=\"_blank\">\n\n\t\t\t\t\t\t\t\t\t\t\t\t<span class=\"elementor-icon-list-icon\">\n\t\t\t\t\t\t\t<i aria-hidden=\"true\" class=\"fas fa-file-pdf\"><\/i>\t\t\t\t\t\t<\/span>\n\t\t\t\t\t\t\t\t\t\t<span class=\"elementor-icon-list-text\">202511 - Seguridad en Temporada Alta: Informe IMAN sobre la Campa\u00f1a Navide\u00f1a<\/span>\n\t\t\t\t\t\t\t\t\t\t\t<\/a>\n\t\t\t\t\t\t\t\t\t<\/li>\n\t\t\t\t\t\t\t\t<li class=\"elementor-icon-list-item\">\n\t\t\t\t\t\t\t\t\t\t\t<a href=\"https:\/\/www.imancorp.es\/wp-content\/uploads\/2025\/10\/LIS-BlackFriday.pdf\">\n\n\t\t\t\t\t\t\t\t\t\t\t\t<span class=\"elementor-icon-list-icon\">\n\t\t\t\t\t\t\t<i aria-hidden=\"true\" class=\"fas fa-file-pdf\"><\/i>\t\t\t\t\t\t<\/span>\n\t\t\t\t\t\t\t\t\t\t<span class=\"elementor-icon-list-text\">202511 - Impacto del Black Friday en la log\u00edstica espa\u00f1ola 2025<\/span>\n\t\t\t\t\t\t\t\t\t\t\t<\/a>\n\t\t\t\t\t\t\t\t\t<\/li>\n\t\t\t\t\t\t\t\t<li class=\"elementor-icon-list-item\">\n\t\t\t\t\t\t\t\t\t\t\t<a href=\"https:\/\/www.imancorp.es\/wp-content\/uploads\/2025\/11\/IMAN-TEMPORING-CAMPANA-NAVIDAD-1.pdf\" target=\"_blank\">\n\n\t\t\t\t\t\t\t\t\t\t\t\t<span class=\"elementor-icon-list-icon\">\n\t\t\t\t\t\t\t<i aria-hidden=\"true\" class=\"far fa-file-pdf\"><\/i>\t\t\t\t\t\t<\/span>\n\t\t\t\t\t\t\t\t\t\t<span class=\"elementor-icon-list-text\">202511 - Tendencias que marcar\u00e1n la contrataci\u00f3n esta Navidad<\/span>\n\t\t\t\t\t\t\t\t\t\t\t<\/a>\n\t\t\t\t\t\t\t\t\t<\/li>\n\t\t\t\t\t\t\t\t<li class=\"elementor-icon-list-item\">\n\t\t\t\t\t\t\t\t\t\t\t<a href=\"https:\/\/www.imancorp.es\/wp-content\/uploads\/2025\/11\/Informe-futuro-del-talento-2.pdf\" target=\"_blank\">\n\n\t\t\t\t\t\t\t\t\t\t\t\t<span class=\"elementor-icon-list-icon\">\n\t\t\t\t\t\t\t<i aria-hidden=\"true\" class=\"far fa-file-pdf\"><\/i>\t\t\t\t\t\t<\/span>\n\t\t\t\t\t\t\t\t\t\t<span class=\"elementor-icon-list-text\">202502 \u2013 Evoluci\u00f3n del talento y del mercado laboral espa\u00f1ol 2025<\/span>\n\t\t\t\t\t\t\t\t\t\t\t<\/a>\n\t\t\t\t\t\t\t\t\t<\/li>\n\t\t\t\t\t\t\t\t<li class=\"elementor-icon-list-item\">\n\t\t\t\t\t\t\t\t\t\t\t<a href=\"https:\/\/www.imancorp.es\/wp-content\/uploads\/2025\/11\/Guia-RPO-GC-2-1_compressed-1.pdf\" target=\"_blank\">\n\n\t\t\t\t\t\t\t\t\t\t\t\t<span class=\"elementor-icon-list-icon\">\n\t\t\t\t\t\t\t<i aria-hidden=\"true\" class=\"far fa-file-pdf\"><\/i>\t\t\t\t\t\t<\/span>\n\t\t\t\t\t\t\t\t\t\t<span class=\"elementor-icon-list-text\">202501 \u2013 RPO en Espa\u00f1a: Gu\u00eda estrat\u00e9gica para 2025<\/span>\n\t\t\t\t\t\t\t\t\t\t\t<\/a>\n\t\t\t\t\t\t\t\t\t<\/li>\n\t\t\t\t\t\t\t\t<li class=\"elementor-icon-list-item\">\n\t\t\t\t\t\t\t\t\t\t\t<a href=\"https:\/\/www.imancorp.es\/wp-content\/uploads\/2025\/11\/Informe-rrhh-en-el-sector-asegurador.pdf\" target=\"_blank\">\n\n\t\t\t\t\t\t\t\t\t\t\t\t<span class=\"elementor-icon-list-icon\">\n\t\t\t\t\t\t\t<i aria-hidden=\"true\" class=\"far fa-file-pdf\"><\/i>\t\t\t\t\t\t<\/span>\n\t\t\t\t\t\t\t\t\t\t<span class=\"elementor-icon-list-text\">202409 \u2013 Tendencias de RRHH en el sector asegurador 2025<\/span>\n\t\t\t\t\t\t\t\t\t\t\t<\/a>\n\t\t\t\t\t\t\t\t\t<\/li>\n\t\t\t\t\t\t<\/ul>\n\t\t\t\t\t\t<\/div>\n\t\t\t\t<\/div>\n\t\t\t\t\t<\/div>\n\t\t<\/div>\n\t\t\t\t\t<\/div>\n\t\t<\/section>\n\t\t\t\t<\/div>\n\t\t                        <\/div>\r\n                    <\/div>\r\n                <\/div>\r\n                        <\/div>\r\n        \t\t\t\t<\/div>\n\t\t\t\t<\/div>\n\t\t\t\t\t<\/div>\n\t\t<\/div>\n\t\t\t\t\t<\/div>\n\t\t<\/section>\n\t\t\t\t<\/div>","protected":false},"excerpt":{"rendered":"<p>Informes El futuro no se espera, se\u00a0construye. Sum\u00e9rgete en nuestros informes y transforma la incertidumbre en tu mayor\u00a0ventaja competitiva. Aqu\u00ed encontrar\u00e1s las claves para\u00a0anticiparte al cambio,\u00a0tomar decisiones que realmente impulsan el crecimiento y liderar tu sector.\u00a0Insp\u00edrate, planifica y domina el ma\u00f1ana.\u200b Informes Impacto del Black Friday en la log\u00edstica espa\u00f1ola 2025<\/p>","protected":false},"author":1,"featured_media":0,"parent":0,"menu_order":0,"comment_status":"closed","ping_status":"closed","template":"","meta":{"_monsterinsights_skip_tracking":false,"_monsterinsights_sitenote_active":false,"_monsterinsights_sitenote_note":"","_monsterinsights_sitenote_category":0,"footnotes":""},"class_list":["post-7683","page","type-page","status-publish","hentry"],"yoast_head":"<!-- This site is optimized with the Yoast SEO plugin v27.2 - https:\/\/yoast.com\/product\/yoast-seo-wordpress\/ -->\n<title>Informes - IMAN<\/title>\n<meta name=\"robots\" content=\"index, follow, max-snippet:-1, max-image-preview:large, max-video-preview:-1\" \/>\n<link rel=\"canonical\" href=\"https:\/\/www.imancorp.es\/ca\/informes\/\" \/>\n<meta property=\"og:locale\" content=\"ca_ES\" \/>\n<meta property=\"og:type\" content=\"article\" \/>\n<meta property=\"og:title\" content=\"Informes - IMAN\" \/>\n<meta property=\"og:description\" content=\"Informes El futuro no se espera, se\u00a0construye. Sum\u00e9rgete en nuestros informes y transforma la incertidumbre en tu mayor\u00a0ventaja competitiva. Aqu\u00ed encontrar\u00e1s las claves para\u00a0anticiparte al cambio,\u00a0tomar decisiones que realmente impulsan el crecimiento y liderar tu sector.\u00a0Insp\u00edrate, planifica y domina el ma\u00f1ana.\u200b Informes Impacto del Black Friday en la log\u00edstica espa\u00f1ola 2025\" \/>\n<meta property=\"og:url\" content=\"https:\/\/www.imancorp.es\/ca\/informes\/\" \/>\n<meta property=\"og:site_name\" content=\"IMAN\" \/>\n<meta property=\"article:modified_time\" content=\"2026-01-21T11:02:10+00:00\" \/>\n<meta name=\"twitter:card\" content=\"summary_large_image\" \/>\n<meta name=\"twitter:label1\" content=\"Temps estimat de lectura\" \/>\n\t<meta name=\"twitter:data1\" content=\"1 minut\" \/>\n<script type=\"application\/ld+json\" class=\"yoast-schema-graph\">{\"@context\":\"https:\/\/schema.org\",\"@graph\":[{\"@type\":\"WebPage\",\"@id\":\"https:\/\/www.imancorp.es\/informes\/\",\"url\":\"https:\/\/www.imancorp.es\/informes\/\",\"name\":\"Informes - IMAN\",\"isPartOf\":{\"@id\":\"https:\/\/www.imancorp.es\/#website\"},\"datePublished\":\"2025-10-23T10:37:37+00:00\",\"dateModified\":\"2026-01-21T11:02:10+00:00\",\"breadcrumb\":{\"@id\":\"https:\/\/www.imancorp.es\/informes\/#breadcrumb\"},\"inLanguage\":\"ca\",\"potentialAction\":[{\"@type\":\"ReadAction\",\"target\":[\"https:\/\/www.imancorp.es\/informes\/\"]}]},{\"@type\":\"BreadcrumbList\",\"@id\":\"https:\/\/www.imancorp.es\/informes\/#breadcrumb\",\"itemListElement\":[{\"@type\":\"ListItem\",\"position\":1,\"name\":\"Portada\",\"item\":\"https:\/\/www.imancorp.es\/\"},{\"@type\":\"ListItem\",\"position\":2,\"name\":\"Informes\"}]},{\"@type\":\"WebSite\",\"@id\":\"https:\/\/www.imancorp.es\/#website\",\"url\":\"https:\/\/www.imancorp.es\/\",\"name\":\"IMAN\",\"description\":\"\",\"publisher\":{\"@id\":\"https:\/\/www.imancorp.es\/#organization\"},\"potentialAction\":[{\"@type\":\"SearchAction\",\"target\":{\"@type\":\"EntryPoint\",\"urlTemplate\":\"https:\/\/www.imancorp.es\/?s={search_term_string}\"},\"query-input\":{\"@type\":\"PropertyValueSpecification\",\"valueRequired\":true,\"valueName\":\"search_term_string\"}}],\"inLanguage\":\"ca\"},{\"@type\":\"Organization\",\"@id\":\"https:\/\/www.imancorp.es\/#organization\",\"name\":\"IMAN\",\"url\":\"https:\/\/www.imancorp.es\/\",\"logo\":{\"@type\":\"ImageObject\",\"inLanguage\":\"ca\",\"@id\":\"https:\/\/www.imancorp.es\/#\/schema\/logo\/image\/\",\"url\":\"https:\/\/www.imancorp.es\/wp-content\/uploads\/2024\/03\/Logotipo-IMAN.png\",\"contentUrl\":\"https:\/\/www.imancorp.es\/wp-content\/uploads\/2024\/03\/Logotipo-IMAN.png\",\"width\":554,\"height\":150,\"caption\":\"IMAN\"},\"image\":{\"@id\":\"https:\/\/www.imancorp.es\/#\/schema\/logo\/image\/\"}}]}<\/script>\n<!-- \/ Yoast SEO plugin. -->","yoast_head_json":{"title":"Informes - IMAN","robots":{"index":"index","follow":"follow","max-snippet":"max-snippet:-1","max-image-preview":"max-image-preview:large","max-video-preview":"max-video-preview:-1"},"canonical":"https:\/\/www.imancorp.es\/ca\/informes\/","og_locale":"ca_ES","og_type":"article","og_title":"Informes - IMAN","og_description":"Informes El futuro no se espera, se\u00a0construye. Sum\u00e9rgete en nuestros informes y transforma la incertidumbre en tu mayor\u00a0ventaja competitiva. Aqu\u00ed encontrar\u00e1s las claves para\u00a0anticiparte al cambio,\u00a0tomar decisiones que realmente impulsan el crecimiento y liderar tu sector.\u00a0Insp\u00edrate, planifica y domina el ma\u00f1ana.\u200b Informes Impacto del Black Friday en la log\u00edstica espa\u00f1ola 2025","og_url":"https:\/\/www.imancorp.es\/ca\/informes\/","og_site_name":"IMAN","article_modified_time":"2026-01-21T11:02:10+00:00","twitter_card":"summary_large_image","twitter_misc":{"Temps estimat de lectura":"1 minut"},"schema":{"@context":"https:\/\/schema.org","@graph":[{"@type":"WebPage","@id":"https:\/\/www.imancorp.es\/informes\/","url":"https:\/\/www.imancorp.es\/informes\/","name":"Informes - IMAN","isPartOf":{"@id":"https:\/\/www.imancorp.es\/#website"},"datePublished":"2025-10-23T10:37:37+00:00","dateModified":"2026-01-21T11:02:10+00:00","breadcrumb":{"@id":"https:\/\/www.imancorp.es\/informes\/#breadcrumb"},"inLanguage":"ca","potentialAction":[{"@type":"ReadAction","target":["https:\/\/www.imancorp.es\/informes\/"]}]},{"@type":"BreadcrumbList","@id":"https:\/\/www.imancorp.es\/informes\/#breadcrumb","itemListElement":[{"@type":"ListItem","position":1,"name":"Portada","item":"https:\/\/www.imancorp.es\/"},{"@type":"ListItem","position":2,"name":"Informes"}]},{"@type":"WebSite","@id":"https:\/\/www.imancorp.es\/#website","url":"https:\/\/www.imancorp.es\/","name":"IMAN","description":"","publisher":{"@id":"https:\/\/www.imancorp.es\/#organization"},"potentialAction":[{"@type":"SearchAction","target":{"@type":"EntryPoint","urlTemplate":"https:\/\/www.imancorp.es\/?s={search_term_string}"},"query-input":{"@type":"PropertyValueSpecification","valueRequired":true,"valueName":"search_term_string"}}],"inLanguage":"ca"},{"@type":"Organization","@id":"https:\/\/www.imancorp.es\/#organization","name":"IMAN","url":"https:\/\/www.imancorp.es\/","logo":{"@type":"ImageObject","inLanguage":"ca","@id":"https:\/\/www.imancorp.es\/#\/schema\/logo\/image\/","url":"https:\/\/www.imancorp.es\/wp-content\/uploads\/2024\/03\/Logotipo-IMAN.png","contentUrl":"https:\/\/www.imancorp.es\/wp-content\/uploads\/2024\/03\/Logotipo-IMAN.png","width":554,"height":150,"caption":"IMAN"},"image":{"@id":"https:\/\/www.imancorp.es\/#\/schema\/logo\/image\/"}}]}},"_links":{"self":[{"href":"https:\/\/www.imancorp.es\/ca\/wp-json\/wp\/v2\/pages\/7683","targetHints":{"allow":["GET"]}}],"collection":[{"href":"https:\/\/www.imancorp.es\/ca\/wp-json\/wp\/v2\/pages"}],"about":[{"href":"https:\/\/www.imancorp.es\/ca\/wp-json\/wp\/v2\/types\/page"}],"author":[{"embeddable":true,"href":"https:\/\/www.imancorp.es\/ca\/wp-json\/wp\/v2\/users\/1"}],"replies":[{"embeddable":true,"href":"https:\/\/www.imancorp.es\/ca\/wp-json\/wp\/v2\/comments?post=7683"}],"version-history":[{"count":30,"href":"https:\/\/www.imancorp.es\/ca\/wp-json\/wp\/v2\/pages\/7683\/revisions"}],"predecessor-version":[{"id":7991,"href":"https:\/\/www.imancorp.es\/ca\/wp-json\/wp\/v2\/pages\/7683\/revisions\/7991"}],"wp:attachment":[{"href":"https:\/\/www.imancorp.es\/ca\/wp-json\/wp\/v2\/media?parent=7683"}],"curies":[{"name":"wp","href":"https:\/\/api.w.org\/{rel}","templated":true}]}}