{"id":6940,"date":"2025-02-27T13:36:09","date_gmt":"2025-02-27T12:36:09","guid":{"rendered":"https:\/\/www.imancorp.es\/?page_id=6940"},"modified":"2025-02-27T13:36:10","modified_gmt":"2025-02-27T12:36:10","slug":"formulario-para-descargar-informe","status":"publish","type":"page","link":"https:\/\/www.imancorp.es\/ca\/formulario-para-descargar-informe\/","title":{"rendered":"Formulario para descargar informe"},"content":{"rendered":"<div class=\"wpforms-container wpforms-container-full wpforms-block wpforms-block-d147ca58-2826-43f6-b335-08a2b41180cb wpforms-render-modern\" id=\"wpforms-6935\"><form id=\"wpforms-form-6935\" class=\"wpforms-validate wpforms-form wpforms-ajax-form\" data-formid=\"6935\" method=\"post\" enctype=\"multipart\/form-data\" action=\"\/ca\/wp-json\/wp\/v2\/pages\/6940\" data-token=\"35ba9ebc974f1ae6a2969060957ac7b2\" data-token-time=\"1777984582\"><noscript class=\"wpforms-error-noscript\">Activeu el JavaScript al navegador per a poder completar el formulari.<\/noscript><div id=\"wpforms-error-noscript\" style=\"display: none;\">Activeu el JavaScript al navegador per a poder completar el formulari.<\/div><div class=\"wpforms-field-container\">\t\t<div id=\"wpforms-6935-field_8-container\"\n\t\t\tclass=\"wpforms-field wpforms-field-text\"\n\t\t\tdata-field-type=\"text\"\n\t\t\tdata-field-id=\"8\"\n\t\t\t>\n\t\t\t<label class=\"wpforms-field-label\" for=\"wpforms-6935-field_8\" >\u00bfEst\u00e1s y Email<\/label>\n\t\t\t<input type=\"text\" id=\"wpforms-6935-field_8\" class=\"wpforms-field-medium\" name=\"wpforms[fields][8]\" >\n\t\t<\/div>\n\t\t<div id=\"wpforms-6935-field_1-container\" class=\"wpforms-field wpforms-field-name\" data-field-id=\"1\"><fieldset><legend class=\"wpforms-field-label\">Nombre y apellidos <span class=\"wpforms-required-label\" aria-hidden=\"true\">*<\/span><\/legend><div class=\"wpforms-field-row wpforms-field-medium\"><div class=\"wpforms-field-row-block wpforms-first wpforms-one-half\"><input type=\"text\" id=\"wpforms-6935-field_1\" class=\"wpforms-field-name-first wpforms-field-required\" name=\"wpforms[fields][1][first]\" aria-errormessage=\"wpforms-6935-field_1-error\" required><label for=\"wpforms-6935-field_1\" class=\"wpforms-field-sublabel after\">Nom<\/label><\/div><div class=\"wpforms-field-row-block wpforms-one-half\"><input type=\"text\" id=\"wpforms-6935-field_1-last\" class=\"wpforms-field-name-last wpforms-field-required\" name=\"wpforms[fields][1][last]\" aria-errormessage=\"wpforms-6935-field_1-last-error\" required><label for=\"wpforms-6935-field_1-last\" class=\"wpforms-field-sublabel after\">Cognoms<\/label><\/div><\/div><\/fieldset><\/div><div id=\"wpforms-6935-field_5-container\" class=\"wpforms-field wpforms-field-select wpforms-field-select-style-classic\" data-field-id=\"5\"><label class=\"wpforms-field-label\" for=\"wpforms-6935-field_5\">\u00bfEres particular? <span class=\"wpforms-required-label\" aria-hidden=\"true\">*<\/span><\/label><select id=\"wpforms-6935-field_5\" class=\"wpforms-field-medium wpforms-field-required\" name=\"wpforms[fields][5]\" required=\"required\"><option value=\"S\u00ed\"  class=\"choice-1 depth-1\"  >S\u00ed<\/option><option value=\"No\"  class=\"choice-2 depth-1\"  >No<\/option><\/select><\/div><div id=\"wpforms-6935-field_6-container\" class=\"wpforms-field wpforms-field-select wpforms-field-select-style-classic\" data-field-id=\"6\"><label class=\"wpforms-field-label\" for=\"wpforms-6935-field_6\">\u00bfEres empresa? <span class=\"wpforms-required-label\" aria-hidden=\"true\">*<\/span><\/label><select id=\"wpforms-6935-field_6\" class=\"wpforms-field-medium wpforms-field-required\" name=\"wpforms[fields][6]\" required=\"required\"><option value=\"S\u00ed\"  class=\"choice-1 depth-1\"  >S\u00ed<\/option><option value=\"No\"  class=\"choice-2 depth-1\"  >No<\/option><\/select><\/div><div id=\"wpforms-6935-field_7-container\" class=\"wpforms-field wpforms-field-select wpforms-field-select-style-classic\" data-field-id=\"7\"><label class=\"wpforms-field-label\" for=\"wpforms-6935-field_7\">\u00bfEst\u00e1s pensando en contratar? <span class=\"wpforms-required-label\" aria-hidden=\"true\">*<\/span><\/label><select id=\"wpforms-6935-field_7\" class=\"wpforms-field-medium wpforms-field-required\" name=\"wpforms[fields][7]\" required=\"required\"><option value=\"S\u00ed\"  class=\"choice-1 depth-1\"  >S\u00ed<\/option><option value=\"No\"  class=\"choice-2 depth-1\"  >No<\/option><\/select><\/div><div id=\"wpforms-6935-field_4-container\" class=\"wpforms-field wpforms-field-name\" data-field-id=\"4\"><label class=\"wpforms-field-label\" for=\"wpforms-6935-field_4\">Empresa<\/label><input type=\"text\" id=\"wpforms-6935-field_4\" class=\"wpforms-field-medium\" name=\"wpforms[fields][4]\" aria-errormessage=\"wpforms-6935-field_4-error\" ><\/div><div id=\"wpforms-6935-field_2-container\" class=\"wpforms-field wpforms-field-email\" data-field-id=\"2\"><label class=\"wpforms-field-label\" for=\"wpforms-6935-field_2\">Email <span class=\"wpforms-required-label\" aria-hidden=\"true\">*<\/span><\/label><input type=\"email\" id=\"wpforms-6935-field_2\" class=\"wpforms-field-medium wpforms-field-required\" name=\"wpforms[fields][2]\" spellcheck=\"false\" aria-errormessage=\"wpforms-6935-field_2-error\" required><\/div><div id=\"wpforms-6935-field_3-container\" class=\"wpforms-field wpforms-field-gdpr-checkbox\" data-field-id=\"3\"><label class=\"wpforms-field-label wpforms-label-hide\" aria-hidden=\"false\">Acuerdo RGPD <span class=\"wpforms-required-label\" aria-hidden=\"true\">*<\/span><\/label><ul id=\"wpforms-6935-field_3\" class=\"wpforms-field-required\"><li class=\"choice-1\"><input type=\"checkbox\" id=\"wpforms-6935-field_3_1\" name=\"wpforms[fields][3][]\" value=\"Doy mi consentimiento para que esta web almacene la informaci\u00f3n que env\u00edo para que puedan responder a mi petici\u00f3n.\" aria-errormessage=\"wpforms-6935-field_3_1-error\" required ><label class=\"wpforms-field-label-inline\" for=\"wpforms-6935-field_3_1\">Doy mi consentimiento para que esta web almacene la informaci\u00f3n que env\u00edo para que puedan responder a mi petici\u00f3n. <span class=\"wpforms-required-label\" aria-hidden=\"true\">*<\/span><\/label><\/li><\/ul><\/div><script>\n\t\t\t\t( function() {\n\t\t\t\t\tconst style = document.createElement( 'style' );\n\t\t\t\t\tstyle.appendChild( document.createTextNode( '#wpforms-6935-field_8-container { position: absolute !important; overflow: hidden !important; display: inline !important; height: 1px !important; width: 1px !important; z-index: -1000 !important; padding: 0 !important; } #wpforms-6935-field_8-container input { visibility: hidden; } #wpforms-conversational-form-page #wpforms-6935-field_8-container label { counter-increment: none; }' ) );\n\t\t\t\t\tdocument.head.appendChild( style );\n\t\t\t\t\tdocument.currentScript?.remove();\n\t\t\t\t} )();\n\t\t\t<\/script><\/div><!-- .wpforms-field-container --><div class=\"wpforms-submit-container\" ><input type=\"hidden\" name=\"wpforms[id]\" value=\"6935\"><input type=\"hidden\" name=\"page_title\" value=\"\"><input type=\"hidden\" name=\"page_url\" value=\"https:\/\/www.imancorp.es\/ca\/wp-json\/wp\/v2\/pages\/6940\"><input type=\"hidden\" name=\"url_referer\" value=\"\"><button type=\"submit\" name=\"wpforms[submit]\" id=\"wpforms-submit-6935\" class=\"wpforms-submit\" data-alt-text=\"Enviando...\" data-submit-text=\"Descarga informe\" aria-live=\"assertive\" value=\"wpforms-submit\">Descarga informe<\/button><img loading=\"lazy\" decoding=\"async\" src=\"https:\/\/www.imancorp.es\/wp-content\/plugins\/wpforms-lite\/assets\/images\/submit-spin.svg\" class=\"wpforms-submit-spinner\" style=\"display: none;\" width=\"26\" height=\"26\" alt=\"S&#039;est\u00e0 carregant\"><\/div><\/form><\/div>  <!-- .wpforms-container -->","protected":false},"excerpt":{"rendered":"","protected":false},"author":2,"featured_media":0,"parent":0,"menu_order":0,"comment_status":"closed","ping_status":"closed","template":"","meta":{"_monsterinsights_skip_tracking":false,"_monsterinsights_sitenote_active":false,"_monsterinsights_sitenote_note":"","_monsterinsights_sitenote_category":0,"footnotes":""},"class_list":["post-6940","page","type-page","status-publish","hentry"],"yoast_head":"<!-- This site is optimized with the Yoast SEO plugin v27.2 - https:\/\/yoast.com\/product\/yoast-seo-wordpress\/ -->\n<title>Formulario para descargar informe - IMAN<\/title>\n<meta name=\"robots\" content=\"index, follow, max-snippet:-1, max-image-preview:large, max-video-preview:-1\" \/>\n<link rel=\"canonical\" href=\"https:\/\/www.imancorp.es\/ca\/formulario-para-descargar-informe\/\" \/>\n<meta property=\"og:locale\" content=\"ca_ES\" \/>\n<meta property=\"og:type\" content=\"article\" \/>\n<meta property=\"og:title\" content=\"Formulario para descargar informe - IMAN\" \/>\n<meta property=\"og:url\" content=\"https:\/\/www.imancorp.es\/ca\/formulario-para-descargar-informe\/\" \/>\n<meta property=\"og:site_name\" content=\"IMAN\" \/>\n<meta property=\"article:modified_time\" content=\"2025-02-27T12:36:10+00:00\" \/>\n<meta name=\"twitter:card\" content=\"summary_large_image\" \/>\n<script type=\"application\/ld+json\" class=\"yoast-schema-graph\">{\"@context\":\"https:\/\/schema.org\",\"@graph\":[{\"@type\":\"WebPage\",\"@id\":\"https:\/\/www.imancorp.es\/formulario-para-descargar-informe\/\",\"url\":\"https:\/\/www.imancorp.es\/formulario-para-descargar-informe\/\",\"name\":\"Formulario para descargar informe - IMAN\",\"isPartOf\":{\"@id\":\"https:\/\/www.imancorp.es\/#website\"},\"datePublished\":\"2025-02-27T12:36:09+00:00\",\"dateModified\":\"2025-02-27T12:36:10+00:00\",\"breadcrumb\":{\"@id\":\"https:\/\/www.imancorp.es\/formulario-para-descargar-informe\/#breadcrumb\"},\"inLanguage\":\"ca\",\"potentialAction\":[{\"@type\":\"ReadAction\",\"target\":[\"https:\/\/www.imancorp.es\/formulario-para-descargar-informe\/\"]}]},{\"@type\":\"BreadcrumbList\",\"@id\":\"https:\/\/www.imancorp.es\/formulario-para-descargar-informe\/#breadcrumb\",\"itemListElement\":[{\"@type\":\"ListItem\",\"position\":1,\"name\":\"Portada\",\"item\":\"https:\/\/www.imancorp.es\/\"},{\"@type\":\"ListItem\",\"position\":2,\"name\":\"Formulario para descargar informe\"}]},{\"@type\":\"WebSite\",\"@id\":\"https:\/\/www.imancorp.es\/#website\",\"url\":\"https:\/\/www.imancorp.es\/\",\"name\":\"IMAN\",\"description\":\"\",\"publisher\":{\"@id\":\"https:\/\/www.imancorp.es\/#organization\"},\"potentialAction\":[{\"@type\":\"SearchAction\",\"target\":{\"@type\":\"EntryPoint\",\"urlTemplate\":\"https:\/\/www.imancorp.es\/?s={search_term_string}\"},\"query-input\":{\"@type\":\"PropertyValueSpecification\",\"valueRequired\":true,\"valueName\":\"search_term_string\"}}],\"inLanguage\":\"ca\"},{\"@type\":\"Organization\",\"@id\":\"https:\/\/www.imancorp.es\/#organization\",\"name\":\"IMAN\",\"url\":\"https:\/\/www.imancorp.es\/\",\"logo\":{\"@type\":\"ImageObject\",\"inLanguage\":\"ca\",\"@id\":\"https:\/\/www.imancorp.es\/#\/schema\/logo\/image\/\",\"url\":\"https:\/\/www.imancorp.es\/wp-content\/uploads\/2024\/03\/Logotipo-IMAN.png\",\"contentUrl\":\"https:\/\/www.imancorp.es\/wp-content\/uploads\/2024\/03\/Logotipo-IMAN.png\",\"width\":554,\"height\":150,\"caption\":\"IMAN\"},\"image\":{\"@id\":\"https:\/\/www.imancorp.es\/#\/schema\/logo\/image\/\"}}]}<\/script>\n<!-- \/ Yoast SEO plugin. -->","yoast_head_json":{"title":"Formulario para descargar informe - IMAN","robots":{"index":"index","follow":"follow","max-snippet":"max-snippet:-1","max-image-preview":"max-image-preview:large","max-video-preview":"max-video-preview:-1"},"canonical":"https:\/\/www.imancorp.es\/ca\/formulario-para-descargar-informe\/","og_locale":"ca_ES","og_type":"article","og_title":"Formulario para descargar informe - IMAN","og_url":"https:\/\/www.imancorp.es\/ca\/formulario-para-descargar-informe\/","og_site_name":"IMAN","article_modified_time":"2025-02-27T12:36:10+00:00","twitter_card":"summary_large_image","schema":{"@context":"https:\/\/schema.org","@graph":[{"@type":"WebPage","@id":"https:\/\/www.imancorp.es\/formulario-para-descargar-informe\/","url":"https:\/\/www.imancorp.es\/formulario-para-descargar-informe\/","name":"Formulario para descargar informe - IMAN","isPartOf":{"@id":"https:\/\/www.imancorp.es\/#website"},"datePublished":"2025-02-27T12:36:09+00:00","dateModified":"2025-02-27T12:36:10+00:00","breadcrumb":{"@id":"https:\/\/www.imancorp.es\/formulario-para-descargar-informe\/#breadcrumb"},"inLanguage":"ca","potentialAction":[{"@type":"ReadAction","target":["https:\/\/www.imancorp.es\/formulario-para-descargar-informe\/"]}]},{"@type":"BreadcrumbList","@id":"https:\/\/www.imancorp.es\/formulario-para-descargar-informe\/#breadcrumb","itemListElement":[{"@type":"ListItem","position":1,"name":"Portada","item":"https:\/\/www.imancorp.es\/"},{"@type":"ListItem","position":2,"name":"Formulario para descargar informe"}]},{"@type":"WebSite","@id":"https:\/\/www.imancorp.es\/#website","url":"https:\/\/www.imancorp.es\/","name":"IMAN","description":"","publisher":{"@id":"https:\/\/www.imancorp.es\/#organization"},"potentialAction":[{"@type":"SearchAction","target":{"@type":"EntryPoint","urlTemplate":"https:\/\/www.imancorp.es\/?s={search_term_string}"},"query-input":{"@type":"PropertyValueSpecification","valueRequired":true,"valueName":"search_term_string"}}],"inLanguage":"ca"},{"@type":"Organization","@id":"https:\/\/www.imancorp.es\/#organization","name":"IMAN","url":"https:\/\/www.imancorp.es\/","logo":{"@type":"ImageObject","inLanguage":"ca","@id":"https:\/\/www.imancorp.es\/#\/schema\/logo\/image\/","url":"https:\/\/www.imancorp.es\/wp-content\/uploads\/2024\/03\/Logotipo-IMAN.png","contentUrl":"https:\/\/www.imancorp.es\/wp-content\/uploads\/2024\/03\/Logotipo-IMAN.png","width":554,"height":150,"caption":"IMAN"},"image":{"@id":"https:\/\/www.imancorp.es\/#\/schema\/logo\/image\/"}}]}},"_links":{"self":[{"href":"https:\/\/www.imancorp.es\/ca\/wp-json\/wp\/v2\/pages\/6940","targetHints":{"allow":["GET"]}}],"collection":[{"href":"https:\/\/www.imancorp.es\/ca\/wp-json\/wp\/v2\/pages"}],"about":[{"href":"https:\/\/www.imancorp.es\/ca\/wp-json\/wp\/v2\/types\/page"}],"author":[{"embeddable":true,"href":"https:\/\/www.imancorp.es\/ca\/wp-json\/wp\/v2\/users\/2"}],"replies":[{"embeddable":true,"href":"https:\/\/www.imancorp.es\/ca\/wp-json\/wp\/v2\/comments?post=6940"}],"version-history":[{"count":1,"href":"https:\/\/www.imancorp.es\/ca\/wp-json\/wp\/v2\/pages\/6940\/revisions"}],"predecessor-version":[{"id":6943,"href":"https:\/\/www.imancorp.es\/ca\/wp-json\/wp\/v2\/pages\/6940\/revisions\/6943"}],"wp:attachment":[{"href":"https:\/\/www.imancorp.es\/ca\/wp-json\/wp\/v2\/media?parent=6940"}],"curies":[{"name":"wp","href":"https:\/\/api.w.org\/{rel}","templated":true}]}}