{"id":4851,"date":"2024-06-05T09:15:08","date_gmt":"2024-06-05T07:15:08","guid":{"rendered":"https:\/\/www.imancorp.es\/?page_id=4851"},"modified":"2024-06-05T09:19:47","modified_gmt":"2024-06-05T07:19:47","slug":"canal-de-denuncias","status":"publish","type":"page","link":"https:\/\/www.imancorp.es\/ca\/canal-de-denuncias\/","title":{"rendered":"Canal de den\u00fancies"},"content":{"rendered":"<div data-elementor-type=\"wp-page\" data-elementor-id=\"4851\" class=\"elementor elementor-4851\" data-elementor-post-type=\"page\">\n\t\t\t\t\t\t<section class=\"elementor-section elementor-top-section elementor-element elementor-element-d15d3ac elementor-section-boxed elementor-section-height-default elementor-section-height-default\" data-id=\"d15d3ac\" data-element_type=\"section\" data-e-type=\"section\">\n\t\t\t\t\t\t<div class=\"elementor-container elementor-column-gap-default\">\n\t\t\t\t\t<div class=\"elementor-column elementor-col-100 elementor-top-column elementor-element elementor-element-daefe48\" data-id=\"daefe48\" data-element_type=\"column\" data-e-type=\"column\">\n\t\t\t<div class=\"elementor-widget-wrap elementor-element-populated\">\n\t\t\t\t\t\t<div class=\"elementor-element elementor-element-1f69d79 elementor-widget elementor-widget-jeena-advanced-heading\" data-id=\"1f69d79\" data-element_type=\"widget\" data-e-type=\"widget\" data-widget_type=\"jeena-advanced-heading.default\">\n\t\t\t\t<div class=\"elementor-widget-container\">\n\t\t\t\t\t        <div class=\"jeena-advanced-heading\">\r\n                        <h1 class=\"main-heading\"><span class=\"main-text\">Canal de den\u00fancies<\/span><\/h1>        <\/div>\r\n        \t\t\t\t<\/div>\n\t\t\t\t<\/div>\n\t\t\t\t\t<\/div>\n\t\t<\/div>\n\t\t\t\t\t<\/div>\n\t\t<\/section>\n\t\t\t\t<section class=\"elementor-section elementor-top-section elementor-element elementor-element-14a726e elementor-section-boxed elementor-section-height-default elementor-section-height-default\" data-id=\"14a726e\" data-element_type=\"section\" data-e-type=\"section\">\n\t\t\t\t\t\t<div class=\"elementor-container elementor-column-gap-default\">\n\t\t\t\t\t<div class=\"elementor-column elementor-col-100 elementor-top-column elementor-element elementor-element-2d44ece\" data-id=\"2d44ece\" data-element_type=\"column\" data-e-type=\"column\">\n\t\t\t<div class=\"elementor-widget-wrap elementor-element-populated\">\n\t\t\t\t\t\t<div class=\"elementor-element elementor-element-2305bb2 elementor-widget elementor-widget-text-editor\" data-id=\"2305bb2\" data-element_type=\"widget\" data-e-type=\"widget\" data-widget_type=\"text-editor.default\">\n\t\t\t\t<div class=\"elementor-widget-container\">\n\t\t\t\t\t\t\t\t\t<p>En virtut del nostre comprom\u00eds amb la transpar\u00e8ncia i el compliment normatiu, posem a disposici\u00f3 un canal de comunicaci\u00f3 segur, el Canal de den\u00fancies, que serveix d'instrument per a comunicar, de bona fe, la comissi\u00f3 o risc de comissi\u00f3 d'incompliments de la normativa interna relacionada amb el nostre Model de Prevenci\u00f3 de Delictes o legislaci\u00f3 aplicable.\u00a0<\/p><div>\u00a0<\/div><div>El Canal de Den\u00fancies, de conformitat amb la Llei 2\/2023, de 20 de febrer, \u00e9s un mitj\u00e0 segur i confidencial perqu\u00e8 empleats, clients o qualsevol altra persona relacionada amb el context laboral o professional pugui informar sobre comportaments inapropiats, incompliments \u00e8tics o qualsevol altra infracci\u00f3 que tingui coneixement.<\/div><div>\u00a0<\/div><div>Si creus que et trobes en algun dels sup\u00f2sits anteriors:\u00a0<\/div>\t\t\t\t\t\t\t\t<\/div>\n\t\t\t\t<\/div>\n\t\t\t\t\t<\/div>\n\t\t<\/div>\n\t\t\t\t\t<\/div>\n\t\t<\/section>\n\t\t\t\t<section class=\"elementor-section elementor-top-section elementor-element elementor-element-7f8c032 elementor-section-boxed elementor-section-height-default elementor-section-height-default\" data-id=\"7f8c032\" data-element_type=\"section\" data-e-type=\"section\">\n\t\t\t\t\t\t<div class=\"elementor-container elementor-column-gap-default\">\n\t\t\t\t\t<div class=\"elementor-column elementor-col-100 elementor-top-column elementor-element elementor-element-af4d3d5\" data-id=\"af4d3d5\" data-element_type=\"column\" data-e-type=\"column\">\n\t\t\t<div class=\"elementor-widget-wrap elementor-element-populated\">\n\t\t\t\t\t\t<div class=\"elementor-element elementor-element-6e466b4 elementor-widget elementor-widget-jeena-button\" data-id=\"6e466b4\" data-element_type=\"widget\" data-e-type=\"widget\" data-widget_type=\"jeena-button.default\">\n\t\t\t\t<div class=\"elementor-widget-container\">\n\t\t\t\t\t\t\t<div class=\"jeena-button-wrapper\">\r\n\t\t\t<a href=\"https:\/\/iman.ulisesgrc.net\/#\/channels\/ifp\/ES_ES\" class=\"jeena-button hover-normal\">\r\n\t\t\t\t        <span class=\"button-icon icon-align-right\">\r\n            <i aria-hidden=\"true\" class=\"far fa-long-arrow-right\"><\/i>        <\/span>\r\n                <span class=\"button-text\">\r\n            Accedir         <\/span>\r\n\t\t\t\t\t<\/a>\r\n\t\t<\/div>\r\n\t\t\t\t\t\t<\/div>\n\t\t\t\t<\/div>\n\t\t\t\t\t<\/div>\n\t\t<\/div>\n\t\t\t\t\t<\/div>\n\t\t<\/section>\n\t\t\t\t<\/div>","protected":false},"excerpt":{"rendered":"<p>Canal de denuncias En virtud de nuestro compromiso con la transparencia y el cumplimiento normativo, ponemos a disposici\u00f3n un canal de comunicaci\u00f3n seguro, el Canal de denuncias, que sirve de instrumento para comunicar, de buena fe, la comisi\u00f3n o riesgo de comisi\u00f3n de incumplimientos de la normativa interna relacionada con nuestro Modelo de Prevenci\u00f3n de [&hellip;]<\/p>\n","protected":false},"author":2,"featured_media":0,"parent":0,"menu_order":0,"comment_status":"closed","ping_status":"closed","template":"","meta":{"_monsterinsights_skip_tracking":false,"_monsterinsights_sitenote_active":false,"_monsterinsights_sitenote_note":"","_monsterinsights_sitenote_category":0,"footnotes":""},"class_list":["post-4851","page","type-page","status-publish","hentry"],"yoast_head":"<!-- This site is optimized with the Yoast SEO plugin v27.2 - https:\/\/yoast.com\/product\/yoast-seo-wordpress\/ -->\n<title>Canal de denuncias - IMAN<\/title>\n<meta name=\"robots\" content=\"index, follow, max-snippet:-1, max-image-preview:large, max-video-preview:-1\" \/>\n<link rel=\"canonical\" href=\"https:\/\/www.imancorp.es\/ca\/canal-de-denuncias\/\" \/>\n<meta property=\"og:locale\" content=\"ca_ES\" \/>\n<meta property=\"og:type\" content=\"article\" \/>\n<meta property=\"og:title\" content=\"Canal de denuncias - IMAN\" \/>\n<meta property=\"og:description\" content=\"Canal de denuncias En virtud de nuestro compromiso con la transparencia y el cumplimiento normativo, ponemos a disposici\u00f3n un canal de comunicaci\u00f3n seguro, el Canal de denuncias, que sirve de instrumento para comunicar, de buena fe, la comisi\u00f3n o riesgo de comisi\u00f3n de incumplimientos de la normativa interna relacionada con nuestro Modelo de Prevenci\u00f3n de [&hellip;]\" \/>\n<meta property=\"og:url\" content=\"https:\/\/www.imancorp.es\/ca\/canal-de-denuncias\/\" \/>\n<meta property=\"og:site_name\" content=\"IMAN\" \/>\n<meta property=\"article:modified_time\" content=\"2024-06-05T07:19:47+00:00\" \/>\n<meta name=\"twitter:card\" content=\"summary_large_image\" \/>\n<meta name=\"twitter:label1\" content=\"Temps estimat de lectura\" \/>\n\t<meta name=\"twitter:data1\" content=\"1 minut\" \/>\n<script type=\"application\/ld+json\" class=\"yoast-schema-graph\">{\"@context\":\"https:\/\/schema.org\",\"@graph\":[{\"@type\":\"WebPage\",\"@id\":\"https:\/\/www.imancorp.es\/canal-de-denuncias\/\",\"url\":\"https:\/\/www.imancorp.es\/canal-de-denuncias\/\",\"name\":\"Canal de denuncias - IMAN\",\"isPartOf\":{\"@id\":\"https:\/\/www.imancorp.es\/#website\"},\"datePublished\":\"2024-06-05T07:15:08+00:00\",\"dateModified\":\"2024-06-05T07:19:47+00:00\",\"breadcrumb\":{\"@id\":\"https:\/\/www.imancorp.es\/canal-de-denuncias\/#breadcrumb\"},\"inLanguage\":\"ca\",\"potentialAction\":[{\"@type\":\"ReadAction\",\"target\":[\"https:\/\/www.imancorp.es\/canal-de-denuncias\/\"]}]},{\"@type\":\"BreadcrumbList\",\"@id\":\"https:\/\/www.imancorp.es\/canal-de-denuncias\/#breadcrumb\",\"itemListElement\":[{\"@type\":\"ListItem\",\"position\":1,\"name\":\"Portada\",\"item\":\"https:\/\/www.imancorp.es\/\"},{\"@type\":\"ListItem\",\"position\":2,\"name\":\"Canal de denuncias\"}]},{\"@type\":\"WebSite\",\"@id\":\"https:\/\/www.imancorp.es\/#website\",\"url\":\"https:\/\/www.imancorp.es\/\",\"name\":\"IMAN\",\"description\":\"\",\"publisher\":{\"@id\":\"https:\/\/www.imancorp.es\/#organization\"},\"potentialAction\":[{\"@type\":\"SearchAction\",\"target\":{\"@type\":\"EntryPoint\",\"urlTemplate\":\"https:\/\/www.imancorp.es\/?s={search_term_string}\"},\"query-input\":{\"@type\":\"PropertyValueSpecification\",\"valueRequired\":true,\"valueName\":\"search_term_string\"}}],\"inLanguage\":\"ca\"},{\"@type\":\"Organization\",\"@id\":\"https:\/\/www.imancorp.es\/#organization\",\"name\":\"IMAN\",\"url\":\"https:\/\/www.imancorp.es\/\",\"logo\":{\"@type\":\"ImageObject\",\"inLanguage\":\"ca\",\"@id\":\"https:\/\/www.imancorp.es\/#\/schema\/logo\/image\/\",\"url\":\"https:\/\/www.imancorp.es\/wp-content\/uploads\/2024\/03\/Logotipo-IMAN.png\",\"contentUrl\":\"https:\/\/www.imancorp.es\/wp-content\/uploads\/2024\/03\/Logotipo-IMAN.png\",\"width\":554,\"height\":150,\"caption\":\"IMAN\"},\"image\":{\"@id\":\"https:\/\/www.imancorp.es\/#\/schema\/logo\/image\/\"}}]}<\/script>\n<!-- \/ Yoast SEO plugin. -->","yoast_head_json":{"title":"Canal de denuncias - IMAN","robots":{"index":"index","follow":"follow","max-snippet":"max-snippet:-1","max-image-preview":"max-image-preview:large","max-video-preview":"max-video-preview:-1"},"canonical":"https:\/\/www.imancorp.es\/ca\/canal-de-denuncias\/","og_locale":"ca_ES","og_type":"article","og_title":"Canal de denuncias - IMAN","og_description":"Canal de denuncias En virtud de nuestro compromiso con la transparencia y el cumplimiento normativo, ponemos a disposici\u00f3n un canal de comunicaci\u00f3n seguro, el Canal de denuncias, que sirve de instrumento para comunicar, de buena fe, la comisi\u00f3n o riesgo de comisi\u00f3n de incumplimientos de la normativa interna relacionada con nuestro Modelo de Prevenci\u00f3n de [&hellip;]","og_url":"https:\/\/www.imancorp.es\/ca\/canal-de-denuncias\/","og_site_name":"IMAN","article_modified_time":"2024-06-05T07:19:47+00:00","twitter_card":"summary_large_image","twitter_misc":{"Temps estimat de lectura":"1 minut"},"schema":{"@context":"https:\/\/schema.org","@graph":[{"@type":"WebPage","@id":"https:\/\/www.imancorp.es\/canal-de-denuncias\/","url":"https:\/\/www.imancorp.es\/canal-de-denuncias\/","name":"Canal de denuncias - IMAN","isPartOf":{"@id":"https:\/\/www.imancorp.es\/#website"},"datePublished":"2024-06-05T07:15:08+00:00","dateModified":"2024-06-05T07:19:47+00:00","breadcrumb":{"@id":"https:\/\/www.imancorp.es\/canal-de-denuncias\/#breadcrumb"},"inLanguage":"ca","potentialAction":[{"@type":"ReadAction","target":["https:\/\/www.imancorp.es\/canal-de-denuncias\/"]}]},{"@type":"BreadcrumbList","@id":"https:\/\/www.imancorp.es\/canal-de-denuncias\/#breadcrumb","itemListElement":[{"@type":"ListItem","position":1,"name":"Portada","item":"https:\/\/www.imancorp.es\/"},{"@type":"ListItem","position":2,"name":"Canal de denuncias"}]},{"@type":"WebSite","@id":"https:\/\/www.imancorp.es\/#website","url":"https:\/\/www.imancorp.es\/","name":"IMAN","description":"","publisher":{"@id":"https:\/\/www.imancorp.es\/#organization"},"potentialAction":[{"@type":"SearchAction","target":{"@type":"EntryPoint","urlTemplate":"https:\/\/www.imancorp.es\/?s={search_term_string}"},"query-input":{"@type":"PropertyValueSpecification","valueRequired":true,"valueName":"search_term_string"}}],"inLanguage":"ca"},{"@type":"Organization","@id":"https:\/\/www.imancorp.es\/#organization","name":"IMAN","url":"https:\/\/www.imancorp.es\/","logo":{"@type":"ImageObject","inLanguage":"ca","@id":"https:\/\/www.imancorp.es\/#\/schema\/logo\/image\/","url":"https:\/\/www.imancorp.es\/wp-content\/uploads\/2024\/03\/Logotipo-IMAN.png","contentUrl":"https:\/\/www.imancorp.es\/wp-content\/uploads\/2024\/03\/Logotipo-IMAN.png","width":554,"height":150,"caption":"IMAN"},"image":{"@id":"https:\/\/www.imancorp.es\/#\/schema\/logo\/image\/"}}]}},"_links":{"self":[{"href":"https:\/\/www.imancorp.es\/ca\/wp-json\/wp\/v2\/pages\/4851","targetHints":{"allow":["GET"]}}],"collection":[{"href":"https:\/\/www.imancorp.es\/ca\/wp-json\/wp\/v2\/pages"}],"about":[{"href":"https:\/\/www.imancorp.es\/ca\/wp-json\/wp\/v2\/types\/page"}],"author":[{"embeddable":true,"href":"https:\/\/www.imancorp.es\/ca\/wp-json\/wp\/v2\/users\/2"}],"replies":[{"embeddable":true,"href":"https:\/\/www.imancorp.es\/ca\/wp-json\/wp\/v2\/comments?post=4851"}],"version-history":[{"count":4,"href":"https:\/\/www.imancorp.es\/ca\/wp-json\/wp\/v2\/pages\/4851\/revisions"}],"predecessor-version":[{"id":4855,"href":"https:\/\/www.imancorp.es\/ca\/wp-json\/wp\/v2\/pages\/4851\/revisions\/4855"}],"wp:attachment":[{"href":"https:\/\/www.imancorp.es\/ca\/wp-json\/wp\/v2\/media?parent=4851"}],"curies":[{"name":"wp","href":"https:\/\/api.w.org\/{rel}","templated":true}]}}